{"id":766,"date":"2024-11-16T19:23:44","date_gmt":"2024-11-16T18:23:44","guid":{"rendered":"https:\/\/lafrenchmadmoiselle.fr\/index.php\/accueil-english\/"},"modified":"2024-11-16T20:09:49","modified_gmt":"2024-11-16T19:09:49","slug":"accueil-english","status":"publish","type":"page","link":"https:\/\/lafrenchmadmoiselle.fr\/en\/accueil-english\/","title":{"rendered":"HOME- English"},"content":{"rendered":"<p>Welcome to La French Mad'moiselle home, a professional music band deicated to \u201cY\u00e9y\u00e9\u201d French Pop.<br>Dive into the vibrant and captivating world of the 60s, where the playfulmelodies and catchy rhythms will instantly transport you to the iconic era of French pop music.<br>Inspired by timeless icons like Fran\u00e7oise Hardy, Brigitte Bardot, Sylvie Vartan and Jaqueline Ta\u00efeb, we capture the very essence of this era.<br>Y\u00e9y\u00e9 style adapts major Anglo-Saxon titles into French, you won't be able to stay sitted!<br>We offer you a real auditory and visual journey, from music to fashion and costumes, including stage decoration.<br>Several packages available from 5 musicians. Autonomous sound and lighting for up to 200 people indoors and outdoors; please refer to the Performance section for details.<br>Do not hesitate to contact us!<\/p>","protected":false},"excerpt":{"rendered":"<p>Welcome to La French Mad\u2019moiselle home, a professional music band deicated to\u201cY\u00e9y\u00e9\u201d French Pop.Dive into the vibrant and captivating world of the 60s, where the playfulmelodies and catchy rhythms will instantly transport you to the iconic era of French pop music.Inspired by timeless icons like Fran\u00e7oise Hardy, Brigitte Bardot, Sylvie Vartan and Jaqueline Ta\u00efeb, we [&hellip;]<\/p>\n","protected":false},"author":1,"featured_media":0,"parent":0,"menu_order":0,"comment_status":"closed","ping_status":"closed","template":"","meta":{"ocean_post_layout":"","ocean_both_sidebars_style":"","ocean_both_sidebars_content_width":0,"ocean_both_sidebars_sidebars_width":0,"ocean_sidebar":"","ocean_second_sidebar":"","ocean_disable_margins":"enable","ocean_add_body_class":"","ocean_shortcode_before_top_bar":"","ocean_shortcode_after_top_bar":"","ocean_shortcode_before_header":"","ocean_shortcode_after_header":"","ocean_has_shortcode":"","ocean_shortcode_after_title":"","ocean_shortcode_before_footer_widgets":"","ocean_shortcode_after_footer_widgets":"","ocean_shortcode_before_footer_bottom":"","ocean_shortcode_after_footer_bottom":"","ocean_display_top_bar":"default","ocean_display_header":"default","ocean_header_style":"","ocean_center_header_left_menu":"","ocean_custom_header_template":"","ocean_custom_logo":0,"ocean_custom_retina_logo":0,"ocean_custom_logo_max_width":0,"ocean_custom_logo_tablet_max_width":0,"ocean_custom_logo_mobile_max_width":0,"ocean_custom_logo_max_height":0,"ocean_custom_logo_tablet_max_height":0,"ocean_custom_logo_mobile_max_height":0,"ocean_header_custom_menu":"","ocean_menu_typo_font_family":"","ocean_menu_typo_font_subset":"","ocean_menu_typo_font_size":0,"ocean_menu_typo_font_size_tablet":0,"ocean_menu_typo_font_size_mobile":0,"ocean_menu_typo_font_size_unit":"px","ocean_menu_typo_font_weight":"","ocean_menu_typo_font_weight_tablet":"","ocean_menu_typo_font_weight_mobile":"","ocean_menu_typo_transform":"","ocean_menu_typo_transform_tablet":"","ocean_menu_typo_transform_mobile":"","ocean_menu_typo_line_height":0,"ocean_menu_typo_line_height_tablet":0,"ocean_menu_typo_line_height_mobile":0,"ocean_menu_typo_line_height_unit":"","ocean_menu_typo_spacing":0,"ocean_menu_typo_spacing_tablet":0,"ocean_menu_typo_spacing_mobile":0,"ocean_menu_typo_spacing_unit":"","ocean_menu_link_color":"","ocean_menu_link_color_hover":"","ocean_menu_link_color_active":"","ocean_menu_link_background":"","ocean_menu_link_hover_background":"","ocean_menu_link_active_background":"","ocean_menu_social_links_bg":"","ocean_menu_social_hover_links_bg":"","ocean_menu_social_links_color":"","ocean_menu_social_hover_links_color":"","ocean_disable_title":"default","ocean_disable_heading":"default","ocean_post_title":"","ocean_post_subheading":"","ocean_post_title_style":"","ocean_post_title_background_color":"","ocean_post_title_background":0,"ocean_post_title_bg_image_position":"","ocean_post_title_bg_image_attachment":"","ocean_post_title_bg_image_repeat":"","ocean_post_title_bg_image_size":"","ocean_post_title_height":0,"ocean_post_title_bg_overlay":0.5,"ocean_post_title_bg_overlay_color":"","ocean_disable_breadcrumbs":"default","ocean_breadcrumbs_color":"","ocean_breadcrumbs_separator_color":"","ocean_breadcrumbs_links_color":"","ocean_breadcrumbs_links_hover_color":"","ocean_display_footer_widgets":"default","ocean_display_footer_bottom":"default","ocean_custom_footer_template":"","footnotes":""},"class_list":["post-766","page","type-page","status-publish","hentry","entry"],"_links":{"self":[{"href":"https:\/\/lafrenchmadmoiselle.fr\/en\/wp-json\/wp\/v2\/pages\/766","targetHints":{"allow":["GET"]}}],"collection":[{"href":"https:\/\/lafrenchmadmoiselle.fr\/en\/wp-json\/wp\/v2\/pages"}],"about":[{"href":"https:\/\/lafrenchmadmoiselle.fr\/en\/wp-json\/wp\/v2\/types\/page"}],"author":[{"embeddable":true,"href":"https:\/\/lafrenchmadmoiselle.fr\/en\/wp-json\/wp\/v2\/users\/1"}],"replies":[{"embeddable":true,"href":"https:\/\/lafrenchmadmoiselle.fr\/en\/wp-json\/wp\/v2\/comments?post=766"}],"version-history":[{"count":1,"href":"https:\/\/lafrenchmadmoiselle.fr\/en\/wp-json\/wp\/v2\/pages\/766\/revisions"}],"predecessor-version":[{"id":770,"href":"https:\/\/lafrenchmadmoiselle.fr\/en\/wp-json\/wp\/v2\/pages\/766\/revisions\/770"}],"wp:attachment":[{"href":"https:\/\/lafrenchmadmoiselle.fr\/en\/wp-json\/wp\/v2\/media?parent=766"}],"curies":[{"name":"wp","href":"https:\/\/api.w.org\/{rel}","templated":true}]}}